{"id":101,"date":"2021-10-12T23:24:20","date_gmt":"2021-10-12T23:24:20","guid":{"rendered":"https:\/\/fondeclum.com\/nuevo\/?page_id=101"},"modified":"2022-11-30T00:41:44","modified_gmt":"2022-11-30T00:41:44","slug":"filosofia-corporativa","status":"publish","type":"page","link":"https:\/\/fondeclum.com\/nuevo\/filosofia-corporativa\/","title":{"rendered":"Filosof\u00eda Corporativa"},"content":{"rendered":"\t\t<div data-elementor-type=\"wp-page\" data-elementor-id=\"101\" class=\"elementor elementor-101\">\n\t\t\t\t\t\t<section class=\"elementor-section elementor-top-section elementor-element elementor-element-40f7fb58 elementor-section-full_width elementor-section-height-full elementor-section-content-middle elementor-section-height-default elementor-section-items-middle\" data-id=\"40f7fb58\" data-element_type=\"section\" data-e-type=\"section\" data-settings=\"{&quot;background_background&quot;:&quot;classic&quot;}\">\n\t\t\t\t\t\t\t<div class=\"elementor-background-overlay\"><\/div>\n\t\t\t\t\t\t\t<div class=\"elementor-container elementor-column-gap-default\">\n\t\t\t\t\t<div class=\"elementor-column elementor-col-100 elementor-top-column elementor-element elementor-element-fa9214f\" data-id=\"fa9214f\" data-element_type=\"column\" data-e-type=\"column\">\n\t\t\t<div class=\"elementor-widget-wrap elementor-element-populated\">\n\t\t\t\t\t\t<div class=\"elementor-element elementor-element-657b3f7b elementor-widget elementor-widget-heading\" data-id=\"657b3f7b\" data-element_type=\"widget\" data-e-type=\"widget\" data-widget_type=\"heading.default\">\n\t\t\t\t<div class=\"elementor-widget-container\">\n\t\t\t\t\t<h2 class=\"elementor-heading-title elementor-size-default\">FILOSOF\u00cdA CORPORATIVA<\/h2>\t\t\t\t<\/div>\n\t\t\t\t<\/div>\n\t\t\t\t<div class=\"elementor-element elementor-element-5577cb82 elementor-widget-divider--view-line elementor-widget elementor-widget-divider\" data-id=\"5577cb82\" data-element_type=\"widget\" data-e-type=\"widget\" data-widget_type=\"divider.default\">\n\t\t\t\t<div class=\"elementor-widget-container\">\n\t\t\t\t\t\t\t<div class=\"elementor-divider\">\n\t\t\t<span class=\"elementor-divider-separator\">\n\t\t\t\t\t\t<\/span>\n\t\t<\/div>\n\t\t\t\t\t\t<\/div>\n\t\t\t\t<\/div>\n\t\t\t\t<section class=\"elementor-section elementor-inner-section elementor-element elementor-element-27ec8ca elementor-section-boxed elementor-section-height-default elementor-section-height-default\" data-id=\"27ec8ca\" data-element_type=\"section\" data-e-type=\"section\">\n\t\t\t\t\t\t<div class=\"elementor-container elementor-column-gap-default\">\n\t\t\t\t\t<div class=\"elementor-column elementor-col-50 elementor-inner-column elementor-element elementor-element-496c414\" data-id=\"496c414\" data-element_type=\"column\" data-e-type=\"column\">\n\t\t\t<div class=\"elementor-widget-wrap\">\n\t\t\t\t\t\t\t<\/div>\n\t\t<\/div>\n\t\t\t\t<div class=\"elementor-column elementor-col-50 elementor-inner-column elementor-element elementor-element-9f5d63e\" data-id=\"9f5d63e\" data-element_type=\"column\" data-e-type=\"column\">\n\t\t\t<div class=\"elementor-widget-wrap elementor-element-populated\">\n\t\t\t\t\t\t<div class=\"elementor-element elementor-element-24c19be elementor-widget elementor-widget-image\" data-id=\"24c19be\" data-element_type=\"widget\" data-e-type=\"widget\" data-widget_type=\"image.default\">\n\t\t\t\t<div class=\"elementor-widget-container\">\n\t\t\t\t\t\t\t\t\t\t\t\t\t\t\t<img decoding=\"async\" width=\"300\" height=\"105\" src=\"https:\/\/fondeclum.com\/nuevo\/wp-content\/uploads\/2021\/10\/imagotipo-WHITE-300x105.png\" class=\"attachment-medium size-medium wp-image-627\" alt=\"\" srcset=\"https:\/\/fondeclum.com\/nuevo\/wp-content\/uploads\/2021\/10\/imagotipo-WHITE-300x105.png 300w, https:\/\/fondeclum.com\/nuevo\/wp-content\/uploads\/2021\/10\/imagotipo-WHITE-1024x357.png 1024w, https:\/\/fondeclum.com\/nuevo\/wp-content\/uploads\/2021\/10\/imagotipo-WHITE-768x268.png 768w, https:\/\/fondeclum.com\/nuevo\/wp-content\/uploads\/2021\/10\/imagotipo-WHITE-1536x536.png 1536w, https:\/\/fondeclum.com\/nuevo\/wp-content\/uploads\/2021\/10\/imagotipo-WHITE-2048x714.png 2048w\" sizes=\"(max-width: 300px) 100vw, 300px\" \/>\t\t\t\t\t\t\t\t\t\t\t\t\t\t\t<\/div>\n\t\t\t\t<\/div>\n\t\t\t\t\t<\/div>\n\t\t<\/div>\n\t\t\t\t\t<\/div>\n\t\t<\/section>\n\t\t\t\t\t<\/div>\n\t\t<\/div>\n\t\t\t\t\t<\/div>\n\t\t<\/section>\n\t\t\t\t<section class=\"elementor-section elementor-top-section elementor-element elementor-element-174d602 elementor-section-boxed elementor-section-height-default elementor-section-height-default\" data-id=\"174d602\" data-element_type=\"section\" data-e-type=\"section\">\n\t\t\t\t\t\t<div class=\"elementor-container elementor-column-gap-default\">\n\t\t\t\t\t<div class=\"elementor-column elementor-col-100 elementor-top-column elementor-element elementor-element-93c1e3e\" data-id=\"93c1e3e\" data-element_type=\"column\" data-e-type=\"column\">\n\t\t\t<div class=\"elementor-widget-wrap elementor-element-populated\">\n\t\t\t\t\t\t<div class=\"elementor-element elementor-element-fd0cc27 elementor-widget elementor-widget-spacer\" data-id=\"fd0cc27\" data-element_type=\"widget\" data-e-type=\"widget\" data-widget_type=\"spacer.default\">\n\t\t\t\t<div class=\"elementor-widget-container\">\n\t\t\t\t\t\t\t<div class=\"elementor-spacer\">\n\t\t\t<div class=\"elementor-spacer-inner\"><\/div>\n\t\t<\/div>\n\t\t\t\t\t\t<\/div>\n\t\t\t\t<\/div>\n\t\t\t\t<section class=\"elementor-section elementor-inner-section elementor-element elementor-element-1ed9db3 elementor-section-boxed elementor-section-height-default elementor-section-height-default\" data-id=\"1ed9db3\" data-element_type=\"section\" data-e-type=\"section\">\n\t\t\t\t\t\t<div class=\"elementor-container elementor-column-gap-default\">\n\t\t\t\t\t<div class=\"elementor-column elementor-col-50 elementor-inner-column elementor-element elementor-element-4c5ea0f\" data-id=\"4c5ea0f\" data-element_type=\"column\" data-e-type=\"column\">\n\t\t\t<div class=\"elementor-widget-wrap elementor-element-populated\">\n\t\t\t\t\t\t<div class=\"elementor-element elementor-element-6be5b3b elementor-widget elementor-widget-heading\" data-id=\"6be5b3b\" data-element_type=\"widget\" data-e-type=\"widget\" data-widget_type=\"heading.default\">\n\t\t\t\t<div class=\"elementor-widget-container\">\n\t\t\t\t\t<h2 class=\"elementor-heading-title elementor-size-default\">FILOSOF\u00cdA CORPORATIVA <\/h2>\t\t\t\t<\/div>\n\t\t\t\t<\/div>\n\t\t\t\t<div class=\"elementor-element elementor-element-43ab16b elementor-invisible elementor-widget elementor-widget-image\" data-id=\"43ab16b\" data-element_type=\"widget\" data-e-type=\"widget\" data-settings=\"{&quot;_animation&quot;:&quot;fadeIn&quot;}\" data-widget_type=\"image.default\">\n\t\t\t\t<div class=\"elementor-widget-container\">\n\t\t\t\t\t\t\t\t\t\t\t\t\t\t\t<img fetchpriority=\"high\" decoding=\"async\" width=\"279\" height=\"300\" src=\"https:\/\/fondeclum.com\/nuevo\/wp-content\/uploads\/2021\/10\/imagen-279x300.png\" class=\"attachment-medium size-medium wp-image-335\" alt=\"\" srcset=\"https:\/\/fondeclum.com\/nuevo\/wp-content\/uploads\/2021\/10\/imagen-279x300.png 279w, https:\/\/fondeclum.com\/nuevo\/wp-content\/uploads\/2021\/10\/imagen-953x1024.png 953w, https:\/\/fondeclum.com\/nuevo\/wp-content\/uploads\/2021\/10\/imagen-768x825.png 768w, https:\/\/fondeclum.com\/nuevo\/wp-content\/uploads\/2021\/10\/imagen-1430x1536.png 1430w, https:\/\/fondeclum.com\/nuevo\/wp-content\/uploads\/2021\/10\/imagen-1906x2048.png 1906w\" sizes=\"(max-width: 279px) 100vw, 279px\" \/>\t\t\t\t\t\t\t\t\t\t\t\t\t\t\t<\/div>\n\t\t\t\t<\/div>\n\t\t\t\t\t<\/div>\n\t\t<\/div>\n\t\t\t\t<div class=\"elementor-column elementor-col-50 elementor-inner-column elementor-element elementor-element-2f43534\" data-id=\"2f43534\" data-element_type=\"column\" data-e-type=\"column\">\n\t\t\t<div class=\"elementor-widget-wrap elementor-element-populated\">\n\t\t\t\t\t\t<div class=\"elementor-element elementor-element-ef42a87 elementor-widget elementor-widget-spacer\" data-id=\"ef42a87\" data-element_type=\"widget\" data-e-type=\"widget\" data-widget_type=\"spacer.default\">\n\t\t\t\t<div class=\"elementor-widget-container\">\n\t\t\t\t\t\t\t<div class=\"elementor-spacer\">\n\t\t\t<div class=\"elementor-spacer-inner\"><\/div>\n\t\t<\/div>\n\t\t\t\t\t\t<\/div>\n\t\t\t\t<\/div>\n\t\t\t\t<div class=\"elementor-element elementor-element-8b5f43d elementor-invisible elementor-widget elementor-widget-text-editor\" data-id=\"8b5f43d\" data-element_type=\"widget\" data-e-type=\"widget\" data-settings=\"{&quot;_animation&quot;:&quot;fadeIn&quot;}\" data-widget_type=\"text-editor.default\">\n\t\t\t\t<div class=\"elementor-widget-container\">\n\t\t\t\t\t\t\t\t\t<p class=\"MsoNormal\" style=\"text-align: justify; background-image: initial; background-position: initial; background-size: initial; background-repeat: initial; background-attachment: initial; background-origin: initial; background-clip: initial;\"><span lang=\"ES-CO\" style=\"font-size: 12pt; font-family: Arial, sans-serif; background-image: initial; background-position: initial; background-size: initial; background-repeat: initial; background-attachment: initial; background-origin: initial; background-clip: initial;\">El fondo de empleados del Club Militar es una organizaci\u00f3n de econom\u00eda solidaria del sector Defensa, que busca fortalecer su imagen corporativa y satisfacer las necesidades y expectativas de sus asociados, fortaleciendo la confianza, cobertura y calidad en la prestaci\u00f3n de servicios de ahorro, cr\u00e9dito, recreaci\u00f3n e integraci\u00f3n, que permita fomentar los valores solidarios, contribuir a mejorar calidad de vida y propender por el desarrollo integral de su base social.<\/span><\/p><p>\u00a0<\/p><p style=\"margin: 0cm 0cm 0.0001pt; text-align: justify; background-image: initial; background-position: initial; background-size: initial; background-repeat: initial; background-attachment: initial; background-origin: initial; background-clip: initial;\"><span lang=\"ES-CO\" style=\"font-size: 12pt; font-family: Arial, sans-serif; background-image: initial; background-position: initial; background-size: initial; background-repeat: initial; background-attachment: initial; background-origin: initial; background-clip: initial;\">\u00a0<\/span><\/p>\t\t\t\t\t\t\t\t<\/div>\n\t\t\t\t<\/div>\n\t\t\t\t\t<\/div>\n\t\t<\/div>\n\t\t\t\t\t<\/div>\n\t\t<\/section>\n\t\t\t\t\t<\/div>\n\t\t<\/div>\n\t\t\t\t\t<\/div>\n\t\t<\/section>\n\t\t\t\t<section class=\"elementor-section elementor-top-section elementor-element elementor-element-eacad75 elementor-section-boxed elementor-section-height-default elementor-section-height-default\" data-id=\"eacad75\" data-element_type=\"section\" data-e-type=\"section\">\n\t\t\t\t\t\t<div class=\"elementor-container elementor-column-gap-default\">\n\t\t\t\t\t<div class=\"elementor-column elementor-col-100 elementor-top-column elementor-element elementor-element-61cfc62\" data-id=\"61cfc62\" data-element_type=\"column\" data-e-type=\"column\">\n\t\t\t<div class=\"elementor-widget-wrap elementor-element-populated\">\n\t\t\t\t\t\t<div class=\"elementor-element elementor-element-5327e1b elementor-tabs-view-horizontal elementor-invisible elementor-widget elementor-widget-tabs\" data-id=\"5327e1b\" data-element_type=\"widget\" data-e-type=\"widget\" data-settings=\"{&quot;_animation&quot;:&quot;fadeInUp&quot;}\" data-widget_type=\"tabs.default\">\n\t\t\t\t<div class=\"elementor-widget-container\">\n\t\t\t\t\t\t\t<div class=\"elementor-tabs\">\n\t\t\t<div class=\"elementor-tabs-wrapper\" role=\"tablist\" >\n\t\t\t\t\t\t\t\t\t<div id=\"elementor-tab-title-8711\" class=\"elementor-tab-title elementor-tab-desktop-title\" aria-selected=\"true\" data-tab=\"1\" role=\"tab\" tabindex=\"0\" aria-controls=\"elementor-tab-content-8711\" aria-expanded=\"false\">MISI\u00d3N<\/div>\n\t\t\t\t\t\t\t\t\t<div id=\"elementor-tab-title-8712\" class=\"elementor-tab-title elementor-tab-desktop-title\" aria-selected=\"false\" data-tab=\"2\" role=\"tab\" tabindex=\"-1\" aria-controls=\"elementor-tab-content-8712\" aria-expanded=\"false\">VISI\u00d3N<\/div>\n\t\t\t\t\t\t\t<\/div>\n\t\t\t<div class=\"elementor-tabs-content-wrapper\" role=\"tablist\" aria-orientation=\"vertical\">\n\t\t\t\t\t\t\t\t\t<div class=\"elementor-tab-title elementor-tab-mobile-title\" aria-selected=\"true\" data-tab=\"1\" role=\"tab\" tabindex=\"0\" aria-controls=\"elementor-tab-content-8711\" aria-expanded=\"false\">MISI\u00d3N<\/div>\n\t\t\t\t\t<div id=\"elementor-tab-content-8711\" class=\"elementor-tab-content elementor-clearfix\" data-tab=\"1\" role=\"tabpanel\" aria-labelledby=\"elementor-tab-title-8711\" tabindex=\"0\" hidden=\"false\"><p class=\"MsoNormal\" style=\"text-align: justify; background-image: initial; background-position: initial; background-size: initial; background-repeat: initial; background-attachment: initial; background-origin: initial; background-clip: initial;\"><span lang=\"ES-CO\" style=\"font-size: 12pt; font-family: Arial, sans-serif; background-image: initial; background-position: initial; background-size: initial; background-repeat: initial; background-attachment: initial; background-origin: initial; background-clip: initial;\">Fondo de Empleados del Club Militar tiene como misi\u00f3n fomentar y brindar a sus asociados y n\u00facleo familiar actividades de bienestar que mejoren su calidad de vida mediante el ahorro y accesibilidad al cr\u00e9dito, conformado por el mejor equipo humano y altos est\u00e1ndares de calidad manteniendo a la entidad dentro de las m\u00e1s productivas y competitivas del mercado solidario del Sector Defensa.<\/span><\/p><\/div>\n\t\t\t\t\t\t\t\t\t<div class=\"elementor-tab-title elementor-tab-mobile-title\" aria-selected=\"false\" data-tab=\"2\" role=\"tab\" tabindex=\"-1\" aria-controls=\"elementor-tab-content-8712\" aria-expanded=\"false\">VISI\u00d3N<\/div>\n\t\t\t\t\t<div id=\"elementor-tab-content-8712\" class=\"elementor-tab-content elementor-clearfix\" data-tab=\"2\" role=\"tabpanel\" aria-labelledby=\"elementor-tab-title-8712\" tabindex=\"0\" hidden=\"hidden\"><p class=\"MsoNormal\" style=\"text-align: justify; background-image: initial; background-position: initial; background-size: initial; background-repeat: initial; background-attachment: initial; background-origin: initial; background-clip: initial;\"><span lang=\"ES-CO\" style=\"font-size: 12pt; font-family: Arial, sans-serif; background-image: initial; background-position: initial; background-size: initial; background-repeat: initial; background-attachment: initial; background-origin: initial; background-clip: initial;\">Ser para el 2023 una entidad de econom\u00eda solidaria reconocida en el Sector Defensa por brindar los mejores servicios, bienestar a los asociados y sus familias a nivel nacional<\/span><span lang=\"ES-CO\" style=\"font-size: 12.0pt; font-family: 'Arial',sans-serif; color: #3f3f3f;\">.<\/span><\/p><\/div>\n\t\t\t\t\t\t\t<\/div>\n\t\t<\/div>\n\t\t\t\t\t\t<\/div>\n\t\t\t\t<\/div>\n\t\t\t\t<section class=\"elementor-section elementor-inner-section elementor-element elementor-element-9419c7b elementor-section-boxed elementor-section-height-default elementor-section-height-default\" data-id=\"9419c7b\" data-element_type=\"section\" data-e-type=\"section\">\n\t\t\t\t\t\t<div class=\"elementor-container elementor-column-gap-default\">\n\t\t\t\t\t<div class=\"elementor-column elementor-col-50 elementor-inner-column elementor-element elementor-element-9b96199\" data-id=\"9b96199\" data-element_type=\"column\" data-e-type=\"column\">\n\t\t\t<div class=\"elementor-widget-wrap elementor-element-populated\">\n\t\t\t\t\t\t<div class=\"elementor-element elementor-element-4e37f40 elementor-flip-box--effect-flip elementor-flip-box--direction-up elementor-widget elementor-widget-flip-box\" data-id=\"4e37f40\" data-element_type=\"widget\" data-e-type=\"widget\" data-widget_type=\"flip-box.default\">\n\t\t\t\t<div class=\"elementor-widget-container\">\n\t\t\t\t\t\t\t<div class=\"elementor-flip-box\">\n\t\t\t<div class=\"elementor-flip-box__layer elementor-flip-box__front\">\n\t\t\t\t<div class=\"elementor-flip-box__layer__overlay\">\n\t\t\t\t\t<div class=\"elementor-flip-box__layer__inner\">\n\t\t\t\t\t\t\t\t\t\t\t\t\t<div class=\"elementor-icon-wrapper elementor-view-framed elementor-shape-circle\">\n\t\t\t\t\t\t\t\t<div class=\"elementor-icon\">\n\t\t\t\t\t\t\t\t\t<i class=\"far fa-money-bill-alt\"><\/i>\t\t\t\t\t\t\t\t<\/div>\n\t\t\t\t\t\t\t<\/div>\n\t\t\t\t\t\t\n\t\t\t\t\t\t\t\t\t\t\t\t\t<h3 class=\"elementor-flip-box__layer__title\">\n\t\t\t\t\t\t\t\tSIMULA TU CR\u00c9DITO  AQUI\t\t\t\t\t\t\t<\/h3>\n\t\t\t\t\t\t\n\t\t\t\t\t\t\t\t\t\t\t\t\t<div class=\"elementor-flip-box__layer__description\">\n\t\t\t\t\t\t\t\tEste simulador es una aplicaci\u00f3n did\u00e1ctica para tener una aproximaci\u00f3n de las cuotas a pagar, para un an\u00e1lisis mas exacto favor comun\u00edquese con nosotros.\t\t\t\t\t\t\t<\/div>\n\t\t\t\t\t\t\t\t\t\t\t<\/div>\n\t\t\t\t<\/div>\n\t\t\t<\/div>\n\t\t\t<div class=\"elementor-flip-box__layer elementor-flip-box__back\">\n\t\t\t<div class=\"elementor-flip-box__layer__overlay\">\n\t\t\t\t<div class=\"elementor-flip-box__layer__inner\">\n\t\t\t\t\t\t\t\t\t\t\t<h3 class=\"elementor-flip-box__layer__title\">\n\t\t\t\t\t\t\tCONTACTANOS\t\t\t\t\t\t<\/h3>\n\t\t\t\t\t\n\t\t\t\t\t\t\t\t\t\t\t<div class=\"elementor-flip-box__layer__description\">\n\t\t\t\t\t\t\tTel\u00e9fonos\nTel.: (601) 4208655\nCel: 310-2022787\t\t\t\t\t\t<\/div>\n\t\t\t\t\t\n\t\t\t\t\t\t\t\t\t\t\t<a class=\"elementor-flip-box__button elementor-button elementor-size-sm\">\n\t\t\t\t\t\tClick Aqu\u00ed\t\t\t\t\t\t<\/a>\n\t\t\t\t\t\t\t\t<\/div>\n\t\t<\/div>\n\t\t<\/div>\n\t\t<\/div>\n\t\t\t\t\t\t<\/div>\n\t\t\t\t<\/div>\n\t\t\t\t\t<\/div>\n\t\t<\/div>\n\t\t\t\t<div class=\"elementor-column elementor-col-50 elementor-inner-column elementor-element elementor-element-d0f739b\" data-id=\"d0f739b\" data-element_type=\"column\" data-e-type=\"column\">\n\t\t\t<div class=\"elementor-widget-wrap elementor-element-populated\">\n\t\t\t\t\t\t<div class=\"elementor-element elementor-element-2d45198 elementor-widget elementor-widget-calculated-fields-form\" data-id=\"2d45198\" data-element_type=\"widget\" data-e-type=\"widget\" data-widget_type=\"calculated-fields-form.default\">\n\t\t\t\t<div class=\"elementor-widget-container\">\n\t\t\t\t\t<style>@media (max-width:480px){#cp_calculatedfieldsf_pform_1{min-height:658px;}}@media (max-width:768px){#cp_calculatedfieldsf_pform_1{min-height:575px;}}@media (max-width:1024px){#cp_calculatedfieldsf_pform_1{min-height:685px;}}@media (min-width:1024px){#cp_calculatedfieldsf_pform_1{min-height:498px;}}<\/style><form name=\"cp_calculatedfieldsf_pform_1\" id=\"cp_calculatedfieldsf_pform_1\" action=\"https:\/\/fondeclum.com\/nuevo\/filosofia-corporativa\/\" method=\"post\" enctype=\"multipart\/form-data\" onsubmit=\"return fbuilderjQuery.fbuilder.doValidate(this);\" class=\"cff-form no-prefetch  cff-form-6 persist-form\"  data-nonce=\"31003680d5\">\n<input type=\"hidden\" name=\"cp_calculatedfieldsf_pform_psequence\" value=\"_1\" \/>\n<input type=\"hidden\" name=\"cp_calculatedfieldsf_id\" value=\"6\" \/>\n<input type=\"hidden\" name=\"cp_ref_page\" value=\"https:\/\/fondeclum.com\/nuevo\" \/>\n<pre style=\"display:none !important;\"><script data-category=\"functional\" type=\"text\/javascript\">form_structure_1=[[{\"form_identifier\":\"\",\"name\":\"fieldname2\",\"shortlabel\":\"cuanto-necesitas\",\"index\":0,\"ftype\":\"fnumber\",\"userhelp\":\"\",\"userhelpTooltip\":false,\"tooltipIcon\":false,\"csslayout\":\"\",\"title\":\"\\u00bfCuanto Necesitas?\",\"predefined\":\"\",\"predefinedClick\":false,\"required\":true,\"exclude\":false,\"readonly\":false,\"numberpad\":false,\"size\":\"medium\",\"thousandSeparator\":\".\",\"decimalSymbol\":\",\",\"min\":\"100000\",\"max\":\"999999999\",\"formatDynamically\":true,\"dformat\":\"number\",\"formats\":[\"digits\",\"number\",\"percent\"],\"fBuild\":{},\"parent\":\"\"},{\"form_identifier\":\"\",\"name\":\"fieldname3\",\"shortlabel\":\"tiempo-de-credito\",\"index\":1,\"ftype\":\"fnumber\",\"userhelp\":\"\",\"userhelpTooltip\":false,\"tooltipIcon\":false,\"csslayout\":\"\",\"title\":\"\\u00bfEn cuantas cuotas quieres pagar?\",\"predefined\":\"\",\"predefinedClick\":false,\"required\":true,\"exclude\":false,\"readonly\":false,\"numberpad\":false,\"size\":\"small\",\"thousandSeparator\":\".\",\"decimalSymbol\":\".\",\"min\":\"1\",\"max\":\"72\",\"formatDynamically\":false,\"dformat\":\"number\",\"formats\":[\"digits\",\"number\",\"percent\"],\"fBuild\":{},\"parent\":\"\"},{\"form_identifier\":\"\",\"name\":\"fieldname4\",\"shortlabel\":\"interes mensual\",\"index\":2,\"ftype\":\"fnumber\",\"userhelp\":\"\",\"userhelpTooltip\":false,\"tooltipIcon\":false,\"csslayout\":\"\",\"title\":\"Porcentaje de Interes mensual\",\"predefined\":\"\",\"predefinedClick\":false,\"required\":false,\"exclude\":false,\"readonly\":false,\"numberpad\":true,\"size\":\"small\",\"thousandSeparator\":\".\",\"decimalSymbol\":\",\",\"min\":\"\",\"max\":\"\",\"formatDynamically\":true,\"dformat\":\"percent\",\"formats\":[\"digits\",\"number\",\"percent\"],\"fBuild\":{},\"parent\":\"\"},{\"form_identifier\":\"\",\"name\":\"separator1\",\"shortlabel\":\"\",\"index\":3,\"ftype\":\"fSectionBreak\",\"userhelp\":\"Resultados basados en los datos ingresados arriba:\",\"userhelpTooltip\":false,\"tooltipIcon\":false,\"csslayout\":\"\",\"title\":\"\\u00c9ste ser\\u00e1 el valor que debes pagar mensualmente, ten en cuenta que es s\\u00f3lo una aproximaci\\u00f3n y no corresponde al valor final una vez se concrete el pr\\u00e9stamo, es solo para efectos informativos.\",\"fBuild\":{},\"parent\":\"\"},{\"dependencies\":[{\"rule\":\"\",\"complex\":false,\"fields\":[\"\"]}],\"form_identifier\":\"\",\"name\":\"fieldname1\",\"shortlabel\":\"\",\"index\":4,\"ftype\":\"fCalculated\",\"userhelp\":\"\",\"userhelpTooltip\":false,\"tooltipIcon\":false,\"csslayout\":\"\",\"title\":\"Cuanto debes pagar mensualmente\",\"predefined\":\"\",\"required\":false,\"exclude\":false,\"size\":\"medium\",\"eq\":\"(fieldname2\\\/fieldname3)+((fieldname2\\\/fieldname3)*fieldname4)\",\"suffix\":\"\",\"prefix\":\"$\",\"decimalsymbol\":\".\",\"groupingsymbol\":\"\",\"readonly\":true,\"currency\":false,\"noEvalIfManual\":false,\"formatDynamically\":true,\"hidefield\":false,\"fBuild\":{},\"parent\":\"\"}],{\"0\":{\"title\":\"Simulador de Cr\\u00e9dito\",\"description\":\"Calcula tu prestamo\",\"formlayout\":\"left_aligned\",\"formtemplate\":\"\",\"persistence\":1,\"evalequations\":1,\"evalequationsevent\":2,\"loading_animation\":0,\"autocomplete\":1,\"customstyles\":\"\"},\"formid\":\"cp_calculatedfieldsf_pform_1\"}];<\/script><\/pre>\n<div id=\"fbuilder\">\n\t\t<div id=\"fbuilder_1\">\n\t\t<div id=\"formheader_1\"><\/div>\n\t\t<div id=\"fieldlist_1\"><\/div>\n\t\t<div class=\"clearer\"><\/div>\n\t<\/div>\n<\/div>\n\t<div id=\"cp_subbtn_1\" class=\"cp_subbtn\" style=\"display:none;\"><\/div><div class=\"clearer\"><\/div>\n\t<input type=\"hidden\" id=\"_cpcff_public_nonce\" name=\"_cpcff_public_nonce\" value=\"7a1cf43094\" \/><input type=\"hidden\" name=\"_wp_http_referer\" value=\"\/nuevo\/wp-json\/wp\/v2\/pages\/101\" \/><input type=\"hidden\" name=\"cff_form_start_time\" value=\"uvOOhOQoxxH02bbhvTZzVg==\"><\/form>\n\t\t\t\t\t<\/div>\n\t\t\t\t<\/div>\n\t\t\t\t\t<\/div>\n\t\t<\/div>\n\t\t\t\t\t<\/div>\n\t\t<\/section>\n\t\t\t\t\t<\/div>\n\t\t<\/div>\n\t\t\t\t\t<\/div>\n\t\t<\/section>\n\t\t\t\t<\/div>\n\t\t","protected":false},"excerpt":{"rendered":"<p>FILOSOF\u00cdA CORPORATIVA FILOSOF\u00cdA CORPORATIVA El fondo de empleados del Club Militar es una organizaci\u00f3n de econom\u00eda solidaria del sector Defensa, que busca fortalecer su imagen corporativa y satisfacer las necesidades y expectativas de sus asociados, fortaleciendo la confianza, cobertura y calidad en la prestaci\u00f3n de servicios de ahorro, cr\u00e9dito, recreaci\u00f3n e integraci\u00f3n, que permita fomentar &hellip;<\/p>\n<p class=\"read-more\"> <a class=\"\" href=\"https:\/\/fondeclum.com\/nuevo\/filosofia-corporativa\/\"> <span class=\"screen-reader-text\">Filosof\u00eda Corporativa<\/span> Leer m\u00e1s &raquo;<\/a><\/p>\n","protected":false},"author":1,"featured_media":0,"parent":0,"menu_order":0,"comment_status":"closed","ping_status":"closed","template":"","meta":{"footnotes":""},"class_list":["post-101","page","type-page","status-publish","hentry"],"_links":{"self":[{"href":"https:\/\/fondeclum.com\/nuevo\/wp-json\/wp\/v2\/pages\/101","targetHints":{"allow":["GET"]}}],"collection":[{"href":"https:\/\/fondeclum.com\/nuevo\/wp-json\/wp\/v2\/pages"}],"about":[{"href":"https:\/\/fondeclum.com\/nuevo\/wp-json\/wp\/v2\/types\/page"}],"author":[{"embeddable":true,"href":"https:\/\/fondeclum.com\/nuevo\/wp-json\/wp\/v2\/users\/1"}],"replies":[{"embeddable":true,"href":"https:\/\/fondeclum.com\/nuevo\/wp-json\/wp\/v2\/comments?post=101"}],"version-history":[{"count":34,"href":"https:\/\/fondeclum.com\/nuevo\/wp-json\/wp\/v2\/pages\/101\/revisions"}],"predecessor-version":[{"id":1527,"href":"https:\/\/fondeclum.com\/nuevo\/wp-json\/wp\/v2\/pages\/101\/revisions\/1527"}],"wp:attachment":[{"href":"https:\/\/fondeclum.com\/nuevo\/wp-json\/wp\/v2\/media?parent=101"}],"curies":[{"name":"wp","href":"https:\/\/api.w.org\/{rel}","templated":true}]}}