{"id":103,"date":"2021-10-12T23:24:20","date_gmt":"2021-10-12T23:24:20","guid":{"rendered":"https:\/\/fondeclum.com\/nuevo\/?page_id=103"},"modified":"2024-12-30T01:52:54","modified_gmt":"2024-12-30T01:52:54","slug":"balance-socioeconomico","status":"publish","type":"page","link":"https:\/\/fondeclum.com\/nuevo\/balance-socioeconomico\/","title":{"rendered":"Balance Socioecon\u00f3mico"},"content":{"rendered":"\t\t<div data-elementor-type=\"wp-page\" data-elementor-id=\"103\" class=\"elementor elementor-103\">\n\t\t\t\t\t\t<section class=\"elementor-section elementor-top-section elementor-element elementor-element-489124b elementor-section-full_width elementor-section-height-default elementor-section-height-default\" data-id=\"489124b\" data-element_type=\"section\" data-e-type=\"section\">\n\t\t\t\t\t\t<div class=\"elementor-container elementor-column-gap-default\">\n\t\t\t\t\t<div class=\"elementor-column elementor-col-100 elementor-top-column elementor-element elementor-element-aa4ab76\" data-id=\"aa4ab76\" data-element_type=\"column\" data-e-type=\"column\">\n\t\t\t<div class=\"elementor-widget-wrap elementor-element-populated\">\n\t\t\t\t\t\t<div class=\"elementor-element elementor-element-6275ec9 elementor-widget elementor-widget-image\" data-id=\"6275ec9\" data-element_type=\"widget\" data-e-type=\"widget\" data-widget_type=\"image.default\">\n\t\t\t\t<div class=\"elementor-widget-container\">\n\t\t\t\t\t\t\t\t\t\t\t\t\t\t\t<img fetchpriority=\"high\" decoding=\"async\" width=\"1200\" height=\"400\" src=\"https:\/\/fondeclum.com\/nuevo\/wp-content\/uploads\/2024\/12\/inscrIbete-ahora-6.png\" class=\"attachment-2048x2048 size-2048x2048 wp-image-2950\" alt=\"\" srcset=\"https:\/\/fondeclum.com\/nuevo\/wp-content\/uploads\/2024\/12\/inscrIbete-ahora-6.png 1200w, https:\/\/fondeclum.com\/nuevo\/wp-content\/uploads\/2024\/12\/inscrIbete-ahora-6-300x100.png 300w, https:\/\/fondeclum.com\/nuevo\/wp-content\/uploads\/2024\/12\/inscrIbete-ahora-6-1024x341.png 1024w, https:\/\/fondeclum.com\/nuevo\/wp-content\/uploads\/2024\/12\/inscrIbete-ahora-6-768x256.png 768w\" sizes=\"(max-width: 1200px) 100vw, 1200px\" \/>\t\t\t\t\t\t\t\t\t\t\t\t\t\t\t<\/div>\n\t\t\t\t<\/div>\n\t\t\t\t\t<\/div>\n\t\t<\/div>\n\t\t\t\t\t<\/div>\n\t\t<\/section>\n\t\t\t\t<section class=\"elementor-section elementor-top-section elementor-element elementor-element-bf695b4 elementor-section-boxed elementor-section-height-default elementor-section-height-default\" data-id=\"bf695b4\" data-element_type=\"section\" data-e-type=\"section\">\n\t\t\t\t\t\t<div class=\"elementor-container elementor-column-gap-default\">\n\t\t\t\t\t<div class=\"elementor-column elementor-col-100 elementor-top-column elementor-element elementor-element-9a65e87\" data-id=\"9a65e87\" data-element_type=\"column\" data-e-type=\"column\">\n\t\t\t<div class=\"elementor-widget-wrap\">\n\t\t\t\t\t\t\t<\/div>\n\t\t<\/div>\n\t\t\t\t\t<\/div>\n\t\t<\/section>\n\t\t\t\t<section class=\"elementor-section elementor-top-section elementor-element elementor-element-b998d1c elementor-section-boxed elementor-section-height-default elementor-section-height-default\" data-id=\"b998d1c\" data-element_type=\"section\" data-e-type=\"section\">\n\t\t\t\t\t\t<div class=\"elementor-container elementor-column-gap-default\">\n\t\t\t\t\t<div class=\"elementor-column elementor-col-100 elementor-top-column elementor-element elementor-element-ef75c03\" data-id=\"ef75c03\" data-element_type=\"column\" data-e-type=\"column\">\n\t\t\t<div class=\"elementor-widget-wrap\">\n\t\t\t\t\t\t\t<\/div>\n\t\t<\/div>\n\t\t\t\t\t<\/div>\n\t\t<\/section>\n\t\t\t\t<section class=\"elementor-section elementor-top-section elementor-element elementor-element-6ab7616 elementor-section-boxed elementor-section-height-default elementor-section-height-default\" data-id=\"6ab7616\" data-element_type=\"section\" data-e-type=\"section\">\n\t\t\t\t\t\t<div class=\"elementor-container elementor-column-gap-default\">\n\t\t\t\t\t<div class=\"elementor-column elementor-col-100 elementor-top-column elementor-element elementor-element-e23781d\" data-id=\"e23781d\" data-element_type=\"column\" data-e-type=\"column\">\n\t\t\t<div class=\"elementor-widget-wrap elementor-element-populated\">\n\t\t\t\t\t\t<div class=\"elementor-element elementor-element-316e5ac elementor-widget__width-inherit elementor-widget elementor-widget-bae-pdf-native-embedder\" data-id=\"316e5ac\" data-element_type=\"widget\" data-e-type=\"widget\" data-widget_type=\"bae-pdf-native-embedder.default\">\n\t\t\t\t<div class=\"elementor-widget-container\">\n\t\t\t\t\t\t\t<div class =\"native_style\">\n\t\t\t\t\t        <h3>MEMORIA ECON\u00d3MICA 2023<\/h3>\n\t\t          \t\t<div class=\"download\">\n\t\t\t\t\t\t\t<\/div>\n\t\t<\/div>\n\t\t\t\t<div class=\"my_native\">\n\t\t\t<iframe src=\"https:\/\/fondeclum.com\/nuevo\/wp-content\/uploads\/2024\/12\/MEMORIA-ECONOMICA-2023-VS-2023-1.pdf\"><\/iframe>\n\t\t<\/div>\n\t\t\t\t\t<\/div>\n\t\t\t\t<\/div>\n\t\t\t\t<div class=\"elementor-element elementor-element-ee6b28e elementor-widget elementor-widget-bae-pdf-native-embedder\" data-id=\"ee6b28e\" data-element_type=\"widget\" data-e-type=\"widget\" data-widget_type=\"bae-pdf-native-embedder.default\">\n\t\t\t\t<div class=\"elementor-widget-container\">\n\t\t\t\t\t\t\t<div class =\"native_style\">\n\t\t\t\t\t        <h3>MEMORIA ECON\u00d3MICA 2022<\/h3>\n\t\t          \t\t<div class=\"download\">\n\t\t\t\t\t\t\t<\/div>\n\t\t<\/div>\n\t\t\t\t<div class=\"my_native\">\n\t\t\t<iframe src=\"https:\/\/fondeclum.com\/nuevo\/wp-content\/uploads\/2024\/12\/MEMORIA-ECONOMICA-2022-VS-2021-2.pdf\"><\/iframe>\n\t\t<\/div>\n\t\t\t\t\t<\/div>\n\t\t\t\t<\/div>\n\t\t\t\t\t<\/div>\n\t\t<\/div>\n\t\t\t\t\t<\/div>\n\t\t<\/section>\n\t\t\t\t<section class=\"elementor-section elementor-top-section elementor-element elementor-element-3930e78 elementor-section-boxed elementor-section-height-default elementor-section-height-default\" data-id=\"3930e78\" data-element_type=\"section\" data-e-type=\"section\">\n\t\t\t\t\t\t<div class=\"elementor-container elementor-column-gap-default\">\n\t\t\t\t\t<div class=\"elementor-column elementor-col-100 elementor-top-column elementor-element elementor-element-44029fd\" data-id=\"44029fd\" data-element_type=\"column\" data-e-type=\"column\">\n\t\t\t<div class=\"elementor-widget-wrap elementor-element-populated\">\n\t\t\t\t\t\t<div class=\"elementor-element elementor-element-1d1049c elementor-widget elementor-widget-bae-pdf-native-embedder\" data-id=\"1d1049c\" data-element_type=\"widget\" data-e-type=\"widget\" data-widget_type=\"bae-pdf-native-embedder.default\">\n\t\t\t\t<div class=\"elementor-widget-container\">\n\t\t\t\t\t\t\t<div class =\"native_style\">\n\t\t\t\t\t        <h3>MEMORIA ECON\u00d3MICA 2021<\/h3>\n\t\t          \t\t<div class=\"download\">\n\t\t\t\t\t\t\t<\/div>\n\t\t<\/div>\n\t\t\t\t<div class=\"my_native\">\n\t\t\t<iframe src=\"https:\/\/fondeclum.com\/nuevo\/wp-content\/uploads\/2024\/12\/MEMORIA-ECONOMICA-2021-VS-2020-2.pdf\"><\/iframe>\n\t\t<\/div>\n\t\t\t\t\t<\/div>\n\t\t\t\t<\/div>\n\t\t\t\t\t<\/div>\n\t\t<\/div>\n\t\t\t\t\t<\/div>\n\t\t<\/section>\n\t\t\t\t<\/div>\n\t\t","protected":false},"excerpt":{"rendered":"<p>MEMORIA ECON\u00d3MICA 2023 MEMORIA ECON\u00d3MICA 2022 MEMORIA ECON\u00d3MICA 2021<\/p>\n","protected":false},"author":1,"featured_media":0,"parent":0,"menu_order":0,"comment_status":"closed","ping_status":"closed","template":"","meta":{"footnotes":""},"class_list":["post-103","page","type-page","status-publish","hentry"],"_links":{"self":[{"href":"https:\/\/fondeclum.com\/nuevo\/wp-json\/wp\/v2\/pages\/103","targetHints":{"allow":["GET"]}}],"collection":[{"href":"https:\/\/fondeclum.com\/nuevo\/wp-json\/wp\/v2\/pages"}],"about":[{"href":"https:\/\/fondeclum.com\/nuevo\/wp-json\/wp\/v2\/types\/page"}],"author":[{"embeddable":true,"href":"https:\/\/fondeclum.com\/nuevo\/wp-json\/wp\/v2\/users\/1"}],"replies":[{"embeddable":true,"href":"https:\/\/fondeclum.com\/nuevo\/wp-json\/wp\/v2\/comments?post=103"}],"version-history":[{"count":22,"href":"https:\/\/fondeclum.com\/nuevo\/wp-json\/wp\/v2\/pages\/103\/revisions"}],"predecessor-version":[{"id":2953,"href":"https:\/\/fondeclum.com\/nuevo\/wp-json\/wp\/v2\/pages\/103\/revisions\/2953"}],"wp:attachment":[{"href":"https:\/\/fondeclum.com\/nuevo\/wp-json\/wp\/v2\/media?parent=103"}],"curies":[{"name":"wp","href":"https:\/\/api.w.org\/{rel}","templated":true}]}}