{"id":104,"date":"2021-10-12T23:24:20","date_gmt":"2021-10-12T23:24:20","guid":{"rendered":"https:\/\/fondeclum.com\/nuevo\/?page_id=104"},"modified":"2021-10-20T17:17:53","modified_gmt":"2021-10-20T17:17:53","slug":"estatutos-y-reglamentos","status":"publish","type":"page","link":"https:\/\/fondeclum.com\/nuevo\/estatutos-y-reglamentos\/","title":{"rendered":"Estatutos y Reglamentos"},"content":{"rendered":"\t\t<div data-elementor-type=\"wp-page\" data-elementor-id=\"104\" class=\"elementor elementor-104\">\n\t\t\t\t\t\t<section class=\"elementor-section elementor-top-section elementor-element elementor-element-3b0650c elementor-section-boxed elementor-section-height-default elementor-section-height-default\" data-id=\"3b0650c\" data-element_type=\"section\" data-e-type=\"section\">\n\t\t\t\t\t\t<div class=\"elementor-container elementor-column-gap-default\">\n\t\t\t\t\t<div class=\"elementor-column elementor-col-100 elementor-top-column elementor-element elementor-element-91a79fd\" data-id=\"91a79fd\" data-element_type=\"column\" data-e-type=\"column\">\n\t\t\t<div class=\"elementor-widget-wrap elementor-element-populated\">\n\t\t\t\t\t\t<div class=\"elementor-element elementor-element-90e95d5 elementor-widget elementor-widget-image\" data-id=\"90e95d5\" data-element_type=\"widget\" data-e-type=\"widget\" data-settings=\"{&quot;sticky&quot;:&quot;top&quot;,&quot;sticky_offset&quot;:10,&quot;sticky_effects_offset&quot;:10,&quot;sticky_on&quot;:[&quot;desktop&quot;,&quot;tablet&quot;,&quot;mobile&quot;]}\" data-widget_type=\"image.default\">\n\t\t\t\t<div class=\"elementor-widget-container\">\n\t\t\t\t\t\t\t\t\t\t\t\t\t\t\t<img decoding=\"async\" width=\"300\" height=\"105\" src=\"https:\/\/fondeclum.com\/nuevo\/wp-content\/uploads\/2021\/10\/imagotipo-3-300x105.png\" class=\"attachment-medium size-medium wp-image-1373\" alt=\"\" srcset=\"https:\/\/fondeclum.com\/nuevo\/wp-content\/uploads\/2021\/10\/imagotipo-3-300x105.png 300w, https:\/\/fondeclum.com\/nuevo\/wp-content\/uploads\/2021\/10\/imagotipo-3-1024x357.png 1024w, https:\/\/fondeclum.com\/nuevo\/wp-content\/uploads\/2021\/10\/imagotipo-3-768x268.png 768w, https:\/\/fondeclum.com\/nuevo\/wp-content\/uploads\/2021\/10\/imagotipo-3-1536x536.png 1536w, https:\/\/fondeclum.com\/nuevo\/wp-content\/uploads\/2021\/10\/imagotipo-3-2048x714.png 2048w\" sizes=\"(max-width: 300px) 100vw, 300px\" \/>\t\t\t\t\t\t\t\t\t\t\t\t\t\t\t<\/div>\n\t\t\t\t<\/div>\n\t\t\t\t<div class=\"elementor-element elementor-element-96dd547 elementor-invisible elementor-widget elementor-widget-text-editor\" data-id=\"96dd547\" data-element_type=\"widget\" data-e-type=\"widget\" data-settings=\"{&quot;motion_fx_motion_fx_scrolling&quot;:&quot;yes&quot;,&quot;motion_fx_translateY_effect&quot;:&quot;yes&quot;,&quot;_animation&quot;:&quot;fadeIn&quot;,&quot;motion_fx_translateY_speed&quot;:{&quot;unit&quot;:&quot;px&quot;,&quot;size&quot;:4,&quot;sizes&quot;:[]},&quot;motion_fx_translateY_affectedRange&quot;:{&quot;unit&quot;:&quot;%&quot;,&quot;size&quot;:&quot;&quot;,&quot;sizes&quot;:{&quot;start&quot;:0,&quot;end&quot;:100}},&quot;motion_fx_devices&quot;:[&quot;desktop&quot;,&quot;tablet&quot;,&quot;mobile&quot;]}\" data-widget_type=\"text-editor.default\">\n\t\t\t\t<div class=\"elementor-widget-container\">\n\t\t\t\t\t\t\t\t\t<p class=\"MsoNormal\" style=\"text-align: justify; background-image: initial; background-position: initial; background-size: initial; background-repeat: initial; background-attachment: initial; background-origin: initial; background-clip: initial;\"><span lang=\"ES-CO\" style=\"font-size: 12pt; line-height: 107%; font-family: Arial, sans-serif; background-image: initial; background-position: initial; background-size: initial; background-repeat: initial; background-attachment: initial; background-origin: initial; background-clip: initial;\">El Fondo de Empleados del Club Militar se rige por lo dispuesto en la Ley 454 de 1998 y el Decreto Ley 1481 de 1989 y es una empresa asociativa, de derecho privado, sin \u00e1nimo de lucro, de n\u00famero de asociados y patrimonio social variable e ilimitado, operador de libranzas, teniendo en cuenta su condici\u00f3n de prestador de servicios de ahorro y cr\u00e9dito. <b>FONDECLUM <\/b>tiene su domicilio principal en la ciudad de Bogot\u00e1 y podr\u00e1 establecer sucursales, agencias, u oficinas en el territorio nacional previa aprobaci\u00f3n de la Junta Directiva. La duraci\u00f3n de \u201cFONDECLUM\u201d es indefinida, sin embargo, podr\u00e1 disolverse y liquidarse en los casos previstos por la ley y en los estatutos. <\/span><\/p><p class=\"MsoNormal\" style=\"text-align: justify; background-image: initial; background-position: initial; background-size: initial; background-repeat: initial; background-attachment: initial; background-origin: initial; background-clip: initial;\"><span lang=\"ES-CO\" style=\"font-size: 12pt; line-height: 107%; font-family: Arial, sans-serif; background-image: initial; background-position: initial; background-size: initial; background-repeat: initial; background-attachment: initial; background-origin: initial; background-clip: initial;\">El Objeto Social de FONDECLUM es proporcionar el desarrollo integral de sus asociados y su n\u00facleo familiar, en los principios y valores solidarios que redunde en un crecimiento social, micro empresarial, cultural, recreativo y econ\u00f3mico, mediante el fomento del ahorro y accesibilidad al cr\u00e9dito, en su condici\u00f3n de operador de libranzas, con \u00e9nfasis al alcance del proyecto de vida de los asociados, a trav\u00e9s de actividades conducentes a la excelencia en los servicios, una gesti\u00f3n administrativa eficaz, eficiente y transparente, manteniendo a la entidad dentro de las m\u00e1s productivas y competitivas del mercado solidario del sector Defensa. <\/span><\/p><p class=\"MsoNormal\" style=\"text-align: justify; background-image: initial; background-position: initial; background-size: initial; background-repeat: initial; background-attachment: initial; background-origin: initial; background-clip: initial;\"><span lang=\"ES-CO\" style=\"font-size: 12pt; line-height: 107%; font-family: Arial, sans-serif; background-image: initial; background-position: initial; background-size: initial; background-repeat: initial; background-attachment: initial; background-origin: initial; background-clip: initial;\">FONDECLUM cumple sus objetivos mediante actividades de ahorro y cr\u00e9dito, bienestar social, emprendimiento empresarial, educaci\u00f3n cooperativa y promoci\u00f3n cultural y otras actividades complementarias a trav\u00e9s convenios con entidades preferiblemente del sector solidario especializadas del sector tur\u00edstico y recreacional que determina la Junta Directiva destinada a satisfacer las necesidades de sus asociados.<\/span><\/p><p class=\"MsoNormal\" style=\"text-align: justify; background-image: initial; background-position: initial; background-size: initial; background-repeat: initial; background-attachment: initial; background-origin: initial; background-clip: initial;\"><span style=\"font-family: Arial, sans-serif; font-size: 12pt; font-style: inherit; font-weight: inherit; color: var( --e-global-color-text );\">Los actos de solidaridad y bienestar social son extendidos\u00a0 a los padres, c\u00f3nyuge, o\u00a0 compa\u00f1ero (a) permanente, hijos, y dem\u00e1s familiares del asociado, seg\u00fan lo contemplado en los reglamentos y ci\u00f1\u00e9ndose para el caso en la existencia de recursos para su ejecuci\u00f3n.\u00a0<\/span><\/p>\t\t\t\t\t\t\t\t<\/div>\n\t\t\t\t<\/div>\n\t\t\t\t<div class=\"elementor-element elementor-element-9ac5a86 elementor-widget elementor-widget-heading\" data-id=\"9ac5a86\" data-element_type=\"widget\" data-e-type=\"widget\" data-widget_type=\"heading.default\">\n\t\t\t\t<div class=\"elementor-widget-container\">\n\t\t\t\t\t<h2 class=\"elementor-heading-title elementor-size-default\">SOLICITUD DE DOCUMENTOS<\/h2>\t\t\t\t<\/div>\n\t\t\t\t<\/div>\n\t\t\t\t\t<\/div>\n\t\t<\/div>\n\t\t\t\t\t<\/div>\n\t\t<\/section>\n\t\t\t\t<section class=\"elementor-section elementor-top-section elementor-element elementor-element-b4e332b elementor-section-boxed elementor-section-height-default elementor-section-height-default\" data-id=\"b4e332b\" data-element_type=\"section\" data-e-type=\"section\">\n\t\t\t\t\t\t<div class=\"elementor-container elementor-column-gap-default\">\n\t\t\t\t\t<div class=\"elementor-column elementor-col-50 elementor-top-column elementor-element elementor-element-e18c380\" data-id=\"e18c380\" data-element_type=\"column\" data-e-type=\"column\">\n\t\t\t<div class=\"elementor-widget-wrap elementor-element-populated\">\n\t\t\t\t\t\t<div class=\"elementor-element elementor-element-946efd2 elementor-button-align-stretch elementor-invisible elementor-widget elementor-widget-form\" data-id=\"946efd2\" data-element_type=\"widget\" data-e-type=\"widget\" data-settings=\"{&quot;step_next_label&quot;:&quot;Next&quot;,&quot;step_previous_label&quot;:&quot;Previous&quot;,&quot;sticky&quot;:&quot;top&quot;,&quot;_animation&quot;:&quot;fadeInLeft&quot;,&quot;button_width&quot;:&quot;100&quot;,&quot;step_type&quot;:&quot;number_text&quot;,&quot;step_icon_shape&quot;:&quot;circle&quot;,&quot;sticky_on&quot;:[&quot;desktop&quot;,&quot;tablet&quot;,&quot;mobile&quot;],&quot;sticky_offset&quot;:0,&quot;sticky_effects_offset&quot;:0}\" data-widget_type=\"form.default\">\n\t\t\t\t<div class=\"elementor-widget-container\">\n\t\t\t\t\t\t\t<form class=\"elementor-form\" method=\"post\" name=\"New Form\">\n\t\t\t<input type=\"hidden\" name=\"post_id\" value=\"104\"\/>\n\t\t\t<input type=\"hidden\" name=\"form_id\" value=\"946efd2\"\/>\n\t\t\t<input type=\"hidden\" name=\"referer_title\" value=\"\" \/>\n\n\t\t\t\n\t\t\t<div class=\"elementor-form-fields-wrapper elementor-labels-above\">\n\t\t\t\t\t\t\t\t<div class=\"elementor-field-type-text elementor-field-group elementor-column elementor-field-group-name elementor-col-100 elementor-field-required\">\n\t\t\t\t\t<label for=\"form-field-name\" class=\"elementor-field-label\">Nombres<\/label><input size=\"1\" type=\"text\" name=\"form_fields[name]\" id=\"form-field-name\" class=\"elementor-field elementor-size-xs  elementor-field-textual\" placeholder=\"Nombres\" required=\"required\" aria-required=\"true\">\t\t\t\t<\/div>\n\t\t\t\t\t\t\t\t<div class=\"elementor-field-type-text elementor-field-group elementor-column elementor-field-group-field_bec0ce0 elementor-col-100 elementor-field-required\">\n\t\t\t\t\t<label for=\"form-field-field_bec0ce0\" class=\"elementor-field-label\">Apellidos<\/label><input size=\"1\" type=\"text\" name=\"form_fields[field_bec0ce0]\" id=\"form-field-field_bec0ce0\" class=\"elementor-field elementor-size-xs  elementor-field-textual\" placeholder=\"Apellidos\" required=\"required\" aria-required=\"true\">\t\t\t\t<\/div>\n\t\t\t\t\t\t\t\t<div class=\"elementor-field-type-text elementor-field-group elementor-column elementor-field-group-field_5985f9a elementor-col-100 elementor-field-required\">\n\t\t\t\t\t<label for=\"form-field-field_5985f9a\" class=\"elementor-field-label\">N\u00famero Celular<\/label><input size=\"1\" type=\"text\" name=\"form_fields[field_5985f9a]\" id=\"form-field-field_5985f9a\" class=\"elementor-field elementor-size-xs  elementor-field-textual\" placeholder=\"N\u00famero celular\" required=\"required\" aria-required=\"true\">\t\t\t\t<\/div>\n\t\t\t\t\t\t\t\t<div class=\"elementor-field-type-email elementor-field-group elementor-column elementor-field-group-email elementor-col-100 elementor-field-required\">\n\t\t\t\t\t<label for=\"form-field-email\" class=\"elementor-field-label\">Email<\/label><input size=\"1\" type=\"email\" name=\"form_fields[email]\" id=\"form-field-email\" class=\"elementor-field elementor-size-xs  elementor-field-textual\" placeholder=\"Email\" required=\"required\" aria-required=\"true\">\t\t\t\t<\/div>\n\t\t\t\t\t\t\t\t<div class=\"elementor-field-type-textarea elementor-field-group elementor-column elementor-field-group-message elementor-col-100\">\n\t\t\t\t\t<label for=\"form-field-message\" class=\"elementor-field-label\">Mensaje<\/label><textarea class=\"elementor-field-textual elementor-field  elementor-size-xs\" name=\"form_fields[message]\" id=\"form-field-message\" rows=\"4\" placeholder=\"Mensaje\"><\/textarea>\t\t\t\t<\/div>\n\t\t\t\t\t\t\t\t<div class=\"elementor-field-group elementor-column elementor-field-type-submit elementor-col-100 e-form__buttons\">\n\t\t\t\t\t<button type=\"submit\" class=\"elementor-button elementor-size-sm\">\n\t\t\t\t\t\t<span >\n\t\t\t\t\t\t\t\t\t\t\t\t\t\t\t<span class=\"elementor-align-icon-left elementor-button-icon\">\n\t\t\t\t\t\t\t\t\t<i aria-hidden=\"true\" class=\"far fa-paper-plane\"><\/i>\t\t\t\t\t\t\t\t\t\t\t\t\t\t\t\t\t<\/span>\n\t\t\t\t\t\t\t\t\t\t\t\t\t\t\t\t\t\t\t\t\t\t<span class=\"elementor-button-text\">ENVIAR<\/span>\n\t\t\t\t\t\t\t\t\t\t\t\t\t<\/span>\n\t\t\t\t\t<\/button>\n\t\t\t\t<\/div>\n\t\t\t<\/div>\n\t\t<\/form>\n\t\t\t\t\t\t<\/div>\n\t\t\t\t<\/div>\n\t\t\t\t\t<\/div>\n\t\t<\/div>\n\t\t\t\t<div class=\"elementor-column elementor-col-50 elementor-top-column elementor-element elementor-element-e7f6c76\" data-id=\"e7f6c76\" data-element_type=\"column\" data-e-type=\"column\">\n\t\t\t<div class=\"elementor-widget-wrap elementor-element-populated\">\n\t\t\t\t\t\t<div class=\"elementor-element elementor-element-3757b3d elementor-invisible elementor-widget elementor-widget-text-editor\" data-id=\"3757b3d\" data-element_type=\"widget\" data-e-type=\"widget\" data-settings=\"{&quot;_animation&quot;:&quot;fadeInRight&quot;}\" data-widget_type=\"text-editor.default\">\n\t\t\t\t<div class=\"elementor-widget-container\">\n\t\t\t\t\t\t\t\t\t<p>Favor ingresar los siguientes datos en el formulario para la solicitud de documentos<\/p>\t\t\t\t\t\t\t\t<\/div>\n\t\t\t\t<\/div>\n\t\t\t\t<div class=\"elementor-element elementor-element-bcd31e7 elementor-invisible elementor-widget elementor-widget-image\" data-id=\"bcd31e7\" data-element_type=\"widget\" data-e-type=\"widget\" data-settings=\"{&quot;_animation&quot;:&quot;fadeInUp&quot;}\" data-widget_type=\"image.default\">\n\t\t\t\t<div class=\"elementor-widget-container\">\n\t\t\t\t\t\t\t\t\t\t\t\t\t\t\t<img fetchpriority=\"high\" decoding=\"async\" width=\"279\" height=\"300\" src=\"https:\/\/fondeclum.com\/nuevo\/wp-content\/uploads\/2021\/10\/imagen-2-1-279x300.png\" class=\"attachment-medium size-medium wp-image-1374\" alt=\"\" srcset=\"https:\/\/fondeclum.com\/nuevo\/wp-content\/uploads\/2021\/10\/imagen-2-1-279x300.png 279w, https:\/\/fondeclum.com\/nuevo\/wp-content\/uploads\/2021\/10\/imagen-2-1-953x1024.png 953w, https:\/\/fondeclum.com\/nuevo\/wp-content\/uploads\/2021\/10\/imagen-2-1-768x825.png 768w, https:\/\/fondeclum.com\/nuevo\/wp-content\/uploads\/2021\/10\/imagen-2-1-1429x1536.png 1429w, https:\/\/fondeclum.com\/nuevo\/wp-content\/uploads\/2021\/10\/imagen-2-1-1906x2048.png 1906w\" sizes=\"(max-width: 279px) 100vw, 279px\" \/>\t\t\t\t\t\t\t\t\t\t\t\t\t\t\t<\/div>\n\t\t\t\t<\/div>\n\t\t\t\t\t<\/div>\n\t\t<\/div>\n\t\t\t\t\t<\/div>\n\t\t<\/section>\n\t\t\t\t<\/div>\n\t\t","protected":false},"excerpt":{"rendered":"<p>El Fondo de Empleados del Club Militar se rige por lo dispuesto en la Ley 454 de 1998 y el Decreto Ley 1481 de 1989 y es una empresa asociativa, de derecho privado, sin \u00e1nimo de lucro, de n\u00famero de asociados y patrimonio social variable e ilimitado, operador de libranzas, teniendo en cuenta su condici\u00f3n &hellip;<\/p>\n<p class=\"read-more\"> <a class=\"\" href=\"https:\/\/fondeclum.com\/nuevo\/estatutos-y-reglamentos\/\"> <span class=\"screen-reader-text\">Estatutos y Reglamentos<\/span> Leer m\u00e1s &raquo;<\/a><\/p>\n","protected":false},"author":1,"featured_media":0,"parent":0,"menu_order":0,"comment_status":"closed","ping_status":"closed","template":"","meta":{"footnotes":""},"class_list":["post-104","page","type-page","status-publish","hentry"],"_links":{"self":[{"href":"https:\/\/fondeclum.com\/nuevo\/wp-json\/wp\/v2\/pages\/104","targetHints":{"allow":["GET"]}}],"collection":[{"href":"https:\/\/fondeclum.com\/nuevo\/wp-json\/wp\/v2\/pages"}],"about":[{"href":"https:\/\/fondeclum.com\/nuevo\/wp-json\/wp\/v2\/types\/page"}],"author":[{"embeddable":true,"href":"https:\/\/fondeclum.com\/nuevo\/wp-json\/wp\/v2\/users\/1"}],"replies":[{"embeddable":true,"href":"https:\/\/fondeclum.com\/nuevo\/wp-json\/wp\/v2\/comments?post=104"}],"version-history":[{"count":28,"href":"https:\/\/fondeclum.com\/nuevo\/wp-json\/wp\/v2\/pages\/104\/revisions"}],"predecessor-version":[{"id":1402,"href":"https:\/\/fondeclum.com\/nuevo\/wp-json\/wp\/v2\/pages\/104\/revisions\/1402"}],"wp:attachment":[{"href":"https:\/\/fondeclum.com\/nuevo\/wp-json\/wp\/v2\/media?parent=104"}],"curies":[{"name":"wp","href":"https:\/\/api.w.org\/{rel}","templated":true}]}}