{"id":106,"date":"2021-10-12T23:24:20","date_gmt":"2021-10-12T23:24:20","guid":{"rendered":"https:\/\/fondeclum.com\/nuevo\/?page_id=106"},"modified":"2021-10-29T02:13:39","modified_gmt":"2021-10-29T02:13:39","slug":"codigo-de-buen-gobierno","status":"publish","type":"page","link":"https:\/\/fondeclum.com\/nuevo\/codigo-de-buen-gobierno\/","title":{"rendered":"C\u00f3digo de Buen Gobierno"},"content":{"rendered":"\t\t<div data-elementor-type=\"wp-page\" data-elementor-id=\"106\" class=\"elementor elementor-106\">\n\t\t\t\t\t\t<section class=\"elementor-section elementor-top-section elementor-element elementor-element-5ebbdd4 elementor-section-boxed elementor-section-height-default elementor-section-height-default\" data-id=\"5ebbdd4\" data-element_type=\"section\" data-e-type=\"section\">\n\t\t\t\t\t\t<div class=\"elementor-container elementor-column-gap-default\">\n\t\t\t\t\t<div class=\"elementor-column elementor-col-100 elementor-top-column elementor-element elementor-element-c73139b\" data-id=\"c73139b\" data-element_type=\"column\" data-e-type=\"column\">\n\t\t\t<div class=\"elementor-widget-wrap elementor-element-populated\">\n\t\t\t\t\t\t<div class=\"elementor-element elementor-element-edd044d elementor-widget elementor-widget-spacer\" data-id=\"edd044d\" data-element_type=\"widget\" data-e-type=\"widget\" data-widget_type=\"spacer.default\">\n\t\t\t\t<div class=\"elementor-widget-container\">\n\t\t\t\t\t\t\t<div class=\"elementor-spacer\">\n\t\t\t<div class=\"elementor-spacer-inner\"><\/div>\n\t\t<\/div>\n\t\t\t\t\t\t<\/div>\n\t\t\t\t<\/div>\n\t\t\t\t<div class=\"elementor-element elementor-element-8937288 elementor-widget elementor-widget-heading\" data-id=\"8937288\" data-element_type=\"widget\" data-e-type=\"widget\" data-widget_type=\"heading.default\">\n\t\t\t\t<div class=\"elementor-widget-container\">\n\t\t\t\t\t<h3 class=\"elementor-heading-title elementor-size-default\">C\u00f3digo del Buen Gobierno<\/h3>\t\t\t\t<\/div>\n\t\t\t\t<\/div>\n\t\t\t\t<div class=\"elementor-element elementor-element-0ede492 elementor-widget elementor-widget-text-editor\" data-id=\"0ede492\" data-element_type=\"widget\" data-e-type=\"widget\" data-widget_type=\"text-editor.default\">\n\t\t\t\t<div class=\"elementor-widget-container\">\n\t\t\t\t\t\t\t\t\t<p class=\"MsoNormal\" style=\"text-align: justify;\"><span lang=\"ES-CO\">La actuaci\u00f3n de los directivos, administradores, empleados, asociados y dem\u00e1s partes relacionadas a \u201cFONDECLUM\u201d se rigen por los principios y valores Cooperativos. \u00a0As\u00ed mismo, la finalidad del c\u00f3digo de buen gobierno adoptado por \u201cFONDECLUM\u201d es contribuir al fortalecimiento de buenas pr\u00e1cticas para la gesti\u00f3n de los recursos administrados, en aras de la consecuci\u00f3n de los objetivos sociales, econ\u00f3micos y financieros de FONDECLUM.<\/span><\/p>\t\t\t\t\t\t\t\t<\/div>\n\t\t\t\t<\/div>\n\t\t\t\t\t<\/div>\n\t\t<\/div>\n\t\t\t\t\t<\/div>\n\t\t<\/section>\n\t\t\t\t<section class=\"elementor-section elementor-top-section elementor-element elementor-element-a74f0b8 elementor-section-boxed elementor-section-height-default elementor-section-height-default\" data-id=\"a74f0b8\" data-element_type=\"section\" data-e-type=\"section\">\n\t\t\t\t\t\t<div class=\"elementor-container elementor-column-gap-default\">\n\t\t\t\t\t<div class=\"elementor-column elementor-col-100 elementor-top-column elementor-element elementor-element-db20b52\" data-id=\"db20b52\" data-element_type=\"column\" data-e-type=\"column\">\n\t\t\t<div class=\"elementor-widget-wrap elementor-element-populated\">\n\t\t\t\t\t\t<div class=\"elementor-element elementor-element-9e1fb5c elementor-widget elementor-widget-image\" data-id=\"9e1fb5c\" data-element_type=\"widget\" data-e-type=\"widget\" data-widget_type=\"image.default\">\n\t\t\t\t<div class=\"elementor-widget-container\">\n\t\t\t\t\t\t\t\t\t\t\t\t\t\t\t<img fetchpriority=\"high\" decoding=\"async\" width=\"768\" height=\"530\" src=\"https:\/\/fondeclum.com\/nuevo\/wp-content\/uploads\/2021\/10\/codigo-de-buen-gobierno-768x530.png\" class=\"attachment-medium_large size-medium_large wp-image-1479\" alt=\"\" srcset=\"https:\/\/fondeclum.com\/nuevo\/wp-content\/uploads\/2021\/10\/codigo-de-buen-gobierno-768x530.png 768w, https:\/\/fondeclum.com\/nuevo\/wp-content\/uploads\/2021\/10\/codigo-de-buen-gobierno-300x207.png 300w, https:\/\/fondeclum.com\/nuevo\/wp-content\/uploads\/2021\/10\/codigo-de-buen-gobierno.png 917w\" sizes=\"(max-width: 768px) 100vw, 768px\" \/>\t\t\t\t\t\t\t\t\t\t\t\t\t\t\t<\/div>\n\t\t\t\t<\/div>\n\t\t\t\t<div class=\"elementor-element elementor-element-3aec135 elementor-widget elementor-widget-image\" data-id=\"3aec135\" data-element_type=\"widget\" data-e-type=\"widget\" data-widget_type=\"image.default\">\n\t\t\t\t<div class=\"elementor-widget-container\">\n\t\t\t\t\t\t\t\t\t\t\t\t\t\t\t<img decoding=\"async\" width=\"768\" height=\"706\" src=\"https:\/\/fondeclum.com\/nuevo\/wp-content\/uploads\/2021\/10\/valores-corporativos-768x706.png\" class=\"attachment-medium_large size-medium_large wp-image-1490\" alt=\"\" srcset=\"https:\/\/fondeclum.com\/nuevo\/wp-content\/uploads\/2021\/10\/valores-corporativos-768x706.png 768w, https:\/\/fondeclum.com\/nuevo\/wp-content\/uploads\/2021\/10\/valores-corporativos-300x276.png 300w, https:\/\/fondeclum.com\/nuevo\/wp-content\/uploads\/2021\/10\/valores-corporativos.png 814w\" sizes=\"(max-width: 768px) 100vw, 768px\" \/>\t\t\t\t\t\t\t\t\t\t\t\t\t\t\t<\/div>\n\t\t\t\t<\/div>\n\t\t\t\t\t<\/div>\n\t\t<\/div>\n\t\t\t\t\t<\/div>\n\t\t<\/section>\n\t\t\t\t<\/div>\n\t\t","protected":false},"excerpt":{"rendered":"<p>C\u00f3digo del Buen Gobierno La actuaci\u00f3n de los directivos, administradores, empleados, asociados y dem\u00e1s partes relacionadas a \u201cFONDECLUM\u201d se rigen por los principios y valores Cooperativos. \u00a0As\u00ed mismo, la finalidad del c\u00f3digo de buen gobierno adoptado por \u201cFONDECLUM\u201d es contribuir al fortalecimiento de buenas pr\u00e1cticas para la gesti\u00f3n de los recursos administrados, en aras de &hellip;<\/p>\n<p class=\"read-more\"> <a class=\"\" href=\"https:\/\/fondeclum.com\/nuevo\/codigo-de-buen-gobierno\/\"> <span class=\"screen-reader-text\">C\u00f3digo de Buen Gobierno<\/span> Leer m\u00e1s &raquo;<\/a><\/p>\n","protected":false},"author":1,"featured_media":0,"parent":0,"menu_order":0,"comment_status":"closed","ping_status":"closed","template":"","meta":{"footnotes":""},"class_list":["post-106","page","type-page","status-publish","hentry"],"_links":{"self":[{"href":"https:\/\/fondeclum.com\/nuevo\/wp-json\/wp\/v2\/pages\/106","targetHints":{"allow":["GET"]}}],"collection":[{"href":"https:\/\/fondeclum.com\/nuevo\/wp-json\/wp\/v2\/pages"}],"about":[{"href":"https:\/\/fondeclum.com\/nuevo\/wp-json\/wp\/v2\/types\/page"}],"author":[{"embeddable":true,"href":"https:\/\/fondeclum.com\/nuevo\/wp-json\/wp\/v2\/users\/1"}],"replies":[{"embeddable":true,"href":"https:\/\/fondeclum.com\/nuevo\/wp-json\/wp\/v2\/comments?post=106"}],"version-history":[{"count":7,"href":"https:\/\/fondeclum.com\/nuevo\/wp-json\/wp\/v2\/pages\/106\/revisions"}],"predecessor-version":[{"id":1493,"href":"https:\/\/fondeclum.com\/nuevo\/wp-json\/wp\/v2\/pages\/106\/revisions\/1493"}],"wp:attachment":[{"href":"https:\/\/fondeclum.com\/nuevo\/wp-json\/wp\/v2\/media?parent=106"}],"curies":[{"name":"wp","href":"https:\/\/api.w.org\/{rel}","templated":true}]}}