{"id":701,"date":"2021-10-18T22:56:30","date_gmt":"2021-10-18T22:56:30","guid":{"rendered":"https:\/\/fondeclum.com\/nuevo\/?page_id=701"},"modified":"2024-12-27T02:34:52","modified_gmt":"2024-12-27T02:34:52","slug":"convenios","status":"publish","type":"page","link":"https:\/\/fondeclum.com\/nuevo\/convenios\/","title":{"rendered":"Convenios"},"content":{"rendered":"\t\t<div data-elementor-type=\"wp-page\" data-elementor-id=\"701\" class=\"elementor elementor-701\">\n\t\t\t\t\t\t<section class=\"elementor-section elementor-top-section elementor-element elementor-element-1e79405 elementor-section-boxed elementor-section-height-default elementor-section-height-default\" data-id=\"1e79405\" data-element_type=\"section\" data-e-type=\"section\">\n\t\t\t\t\t\t<div class=\"elementor-container elementor-column-gap-default\">\n\t\t\t\t\t<div class=\"elementor-column elementor-col-100 elementor-top-column elementor-element elementor-element-0467399\" data-id=\"0467399\" data-element_type=\"column\" data-e-type=\"column\">\n\t\t\t<div class=\"elementor-widget-wrap elementor-element-populated\">\n\t\t\t\t\t\t<div class=\"elementor-element elementor-element-6c7a146 elementor-widget elementor-widget-image\" data-id=\"6c7a146\" data-element_type=\"widget\" data-e-type=\"widget\" data-widget_type=\"image.default\">\n\t\t\t\t<div class=\"elementor-widget-container\">\n\t\t\t\t\t\t\t\t\t\t\t\t\t\t\t<img fetchpriority=\"high\" decoding=\"async\" width=\"1200\" height=\"400\" src=\"https:\/\/fondeclum.com\/nuevo\/wp-content\/uploads\/2024\/12\/convenioss.png\" class=\"attachment-full size-full wp-image-2496\" alt=\"\" srcset=\"https:\/\/fondeclum.com\/nuevo\/wp-content\/uploads\/2024\/12\/convenioss.png 1200w, https:\/\/fondeclum.com\/nuevo\/wp-content\/uploads\/2024\/12\/convenioss-300x100.png 300w, https:\/\/fondeclum.com\/nuevo\/wp-content\/uploads\/2024\/12\/convenioss-1024x341.png 1024w, https:\/\/fondeclum.com\/nuevo\/wp-content\/uploads\/2024\/12\/convenioss-768x256.png 768w\" sizes=\"(max-width: 1200px) 100vw, 1200px\" \/>\t\t\t\t\t\t\t\t\t\t\t\t\t\t\t<\/div>\n\t\t\t\t<\/div>\n\t\t\t\t\t<\/div>\n\t\t<\/div>\n\t\t\t\t\t<\/div>\n\t\t<\/section>\n\t\t\t\t<section class=\"elementor-section elementor-top-section elementor-element elementor-element-1191807 elementor-section-boxed elementor-section-height-default elementor-section-height-default\" data-id=\"1191807\" data-element_type=\"section\" data-e-type=\"section\">\n\t\t\t\t\t\t<div class=\"elementor-container elementor-column-gap-default\">\n\t\t\t\t\t<div class=\"elementor-column elementor-col-100 elementor-top-column elementor-element elementor-element-d6e5695\" data-id=\"d6e5695\" data-element_type=\"column\" data-e-type=\"column\">\n\t\t\t<div class=\"elementor-widget-wrap elementor-element-populated\">\n\t\t\t\t\t\t<div class=\"elementor-element elementor-element-f43a816 elementor-widget elementor-widget-eael-adv-tabs\" data-id=\"f43a816\" data-element_type=\"widget\" data-e-type=\"widget\" data-widget_type=\"eael-adv-tabs.default\">\n\t\t\t\t<div class=\"elementor-widget-container\">\n\t\t\t\t\t        <div data-scroll-on-click=\"yes\" data-scroll-speed=\"300\" id=\"eael-advance-tabs-f43a816\" class=\"eael-advance-tabs eael-tabs-horizontal  \" data-tabid=\"f43a816\">\n            <div class=\"eael-tabs-nav\">\n                <ul class=\"eael-tab-top-icon\" role=\"tablist\">\n                                            <li id=\"salud-y-belleza\" class=\"active-default eael-tab-item-trigger eael-tab-nav-item\" aria-selected=\"true\" data-tab=\"1\" role=\"tab\" tabindex=\"0\" aria-controls=\"salud-y-belleza-tab\" aria-expanded=\"false\">\n                            \n                                                                <img decoding=\"async\" src=\"https:\/\/fondeclum.com\/nuevo\/wp-content\/uploads\/2024\/11\/Salud.png\" alt=\"\">\n                                                            \n                            \n                                                            <h1 class=\"eael-tab-title title-after-icon\" >Salud y Belleza<\/h1>                                                    <\/li>\n                                            <li id=\"recreacin\" class=\"inactive eael-tab-item-trigger eael-tab-nav-item\" aria-selected=\"false\" data-tab=\"2\" role=\"tab\" tabindex=\"-1\" aria-controls=\"recreacin-tab\" aria-expanded=\"false\">\n                            \n                                                                <img decoding=\"async\" src=\"https:\/\/fondeclum.com\/nuevo\/wp-content\/uploads\/2024\/11\/Recreaciom.png\" alt=\"\">\n                                                            \n                            \n                                                            <span class=\"eael-tab-title title-after-icon\" >Recreaci\u00f3n<\/span>                                                    <\/li>\n                                            <li id=\"seguros\" class=\"inactive eael-tab-item-trigger eael-tab-nav-item\" aria-selected=\"false\" data-tab=\"3\" role=\"tab\" tabindex=\"-1\" aria-controls=\"seguros-tab\" aria-expanded=\"false\">\n                            \n                                                                <img decoding=\"async\" src=\"https:\/\/fondeclum.com\/nuevo\/wp-content\/uploads\/2024\/11\/Seguros.png\" alt=\"\">\n                                                            \n                            \n                                                            <span class=\"eael-tab-title title-after-icon\" >Seguros<\/span>                                                    <\/li>\n                                            <li id=\"comercio\" class=\"inactive eael-tab-item-trigger eael-tab-nav-item\" aria-selected=\"false\" data-tab=\"4\" role=\"tab\" tabindex=\"-1\" aria-controls=\"comercio-tab\" aria-expanded=\"false\">\n                            \n                                                                <img decoding=\"async\" src=\"https:\/\/fondeclum.com\/nuevo\/wp-content\/uploads\/2024\/11\/Comercip.png\" alt=\"\">\n                                                            \n                            \n                                                            <span class=\"eael-tab-title title-after-icon\" >Comercio<\/span>                                                    <\/li>\n                                            <li id=\"educacin\" class=\"inactive eael-tab-item-trigger eael-tab-nav-item\" aria-selected=\"false\" data-tab=\"5\" role=\"tab\" tabindex=\"-1\" aria-controls=\"educacin-tab\" aria-expanded=\"false\">\n                            \n                                                                <img decoding=\"async\" src=\"https:\/\/fondeclum.com\/nuevo\/wp-content\/uploads\/2024\/11\/educacion.png\" alt=\"\">\n                                                            \n                            \n                                                            <span class=\"eael-tab-title title-after-icon\" >Educaci\u00f3n<\/span>                                                    <\/li>\n                                    <\/ul>\n            <\/div>\n            \n            <div class=\"eael-tabs-content\">\n\t\t        \n                    <div id=\"salud-y-belleza-tab\" class=\"clearfix eael-tab-content-item active-default\" data-title-link=\"salud-y-belleza-tab\">\n\t\t\t\t        <h4 style=\"text-align: center;\">Para atender las necesidades de tratamientos de salud y belleza, <span style=\"color: #008000;\">FONDECLUM<\/span> ha creado la l\u00ednea de cr\u00e9dito denominada <span style=\"color: #008000;\"><em><strong>\u201cBIENESTAR\u201d<\/strong><\/em><\/span> y ha establecido una tarifa del 0,85% para aquellos asociados interesados, siempre y cuando el afiliado solicitante cumpla con los criterios definidos en el reglamento de cr\u00e9dito.<\/h4><p><img decoding=\"async\" class=\"wp-image-2450 size-full aligncenter\" src=\"https:\/\/fondeclum.com\/nuevo\/wp-content\/uploads\/2024\/11\/6.png\" alt=\"\" width=\"900\" height=\"1600\" srcset=\"https:\/\/fondeclum.com\/nuevo\/wp-content\/uploads\/2024\/11\/6.png 900w, https:\/\/fondeclum.com\/nuevo\/wp-content\/uploads\/2024\/11\/6-169x300.png 169w, https:\/\/fondeclum.com\/nuevo\/wp-content\/uploads\/2024\/11\/6-576x1024.png 576w, https:\/\/fondeclum.com\/nuevo\/wp-content\/uploads\/2024\/11\/6-768x1365.png 768w, https:\/\/fondeclum.com\/nuevo\/wp-content\/uploads\/2024\/11\/6-864x1536.png 864w\" sizes=\"(max-width: 900px) 100vw, 900px\" \/> <img decoding=\"async\" class=\"wp-image-2451 size-full aligncenter\" src=\"https:\/\/fondeclum.com\/nuevo\/wp-content\/uploads\/2024\/11\/7.png\" alt=\"\" width=\"900\" height=\"1600\" srcset=\"https:\/\/fondeclum.com\/nuevo\/wp-content\/uploads\/2024\/11\/7.png 900w, https:\/\/fondeclum.com\/nuevo\/wp-content\/uploads\/2024\/11\/7-169x300.png 169w, https:\/\/fondeclum.com\/nuevo\/wp-content\/uploads\/2024\/11\/7-576x1024.png 576w, https:\/\/fondeclum.com\/nuevo\/wp-content\/uploads\/2024\/11\/7-768x1365.png 768w, https:\/\/fondeclum.com\/nuevo\/wp-content\/uploads\/2024\/11\/7-864x1536.png 864w\" sizes=\"(max-width: 900px) 100vw, 900px\" \/> <img loading=\"lazy\" decoding=\"async\" class=\"wp-image-2452 size-full aligncenter\" src=\"https:\/\/fondeclum.com\/nuevo\/wp-content\/uploads\/2024\/11\/8.png\" alt=\"\" width=\"900\" height=\"1600\" srcset=\"https:\/\/fondeclum.com\/nuevo\/wp-content\/uploads\/2024\/11\/8.png 900w, https:\/\/fondeclum.com\/nuevo\/wp-content\/uploads\/2024\/11\/8-169x300.png 169w, https:\/\/fondeclum.com\/nuevo\/wp-content\/uploads\/2024\/11\/8-576x1024.png 576w, https:\/\/fondeclum.com\/nuevo\/wp-content\/uploads\/2024\/11\/8-768x1365.png 768w, https:\/\/fondeclum.com\/nuevo\/wp-content\/uploads\/2024\/11\/8-864x1536.png 864w\" sizes=\"(max-width: 900px) 100vw, 900px\" \/><\/p><p><img loading=\"lazy\" decoding=\"async\" class=\"wp-image-2156 size-full aligncenter\" src=\"https:\/\/fondeclum.com\/nuevo\/wp-content\/uploads\/2024\/11\/BODY-TECH-USUARIAS-AGOSTO.jpeg\" alt=\"\" width=\"900\" height=\"1600\" srcset=\"https:\/\/fondeclum.com\/nuevo\/wp-content\/uploads\/2024\/11\/BODY-TECH-USUARIAS-AGOSTO.jpeg 900w, https:\/\/fondeclum.com\/nuevo\/wp-content\/uploads\/2024\/11\/BODY-TECH-USUARIAS-AGOSTO-169x300.jpeg 169w, https:\/\/fondeclum.com\/nuevo\/wp-content\/uploads\/2024\/11\/BODY-TECH-USUARIAS-AGOSTO-576x1024.jpeg 576w, https:\/\/fondeclum.com\/nuevo\/wp-content\/uploads\/2024\/11\/BODY-TECH-USUARIAS-AGOSTO-768x1365.jpeg 768w, https:\/\/fondeclum.com\/nuevo\/wp-content\/uploads\/2024\/11\/BODY-TECH-USUARIAS-AGOSTO-864x1536.jpeg 864w\" sizes=\"(max-width: 900px) 100vw, 900px\" \/><img loading=\"lazy\" decoding=\"async\" class=\"wp-image-2157 size-full aligncenter\" src=\"https:\/\/fondeclum.com\/nuevo\/wp-content\/uploads\/2024\/11\/SPA-USUARIOS.jpeg\" alt=\"\" width=\"1053\" height=\"1600\" srcset=\"https:\/\/fondeclum.com\/nuevo\/wp-content\/uploads\/2024\/11\/SPA-USUARIOS.jpeg 1053w, https:\/\/fondeclum.com\/nuevo\/wp-content\/uploads\/2024\/11\/SPA-USUARIOS-197x300.jpeg 197w, https:\/\/fondeclum.com\/nuevo\/wp-content\/uploads\/2024\/11\/SPA-USUARIOS-674x1024.jpeg 674w, https:\/\/fondeclum.com\/nuevo\/wp-content\/uploads\/2024\/11\/SPA-USUARIOS-768x1167.jpeg 768w, https:\/\/fondeclum.com\/nuevo\/wp-content\/uploads\/2024\/11\/SPA-USUARIOS-1011x1536.jpeg 1011w\" sizes=\"(max-width: 1053px) 100vw, 1053px\" \/><\/p>                    <\/div>\n\t\t        \n                    <div id=\"recreacin-tab\" class=\"clearfix eael-tab-content-item inactive\" data-title-link=\"recreacin-tab\">\n\t\t\t\t        <p><img loading=\"lazy\" decoding=\"async\" class=\"aligncenter wp-image-2417 size-full\" src=\"https:\/\/fondeclum.com\/nuevo\/wp-content\/uploads\/2024\/11\/3-1.png\" alt=\"\" width=\"900\" height=\"1600\" srcset=\"https:\/\/fondeclum.com\/nuevo\/wp-content\/uploads\/2024\/11\/3-1.png 900w, https:\/\/fondeclum.com\/nuevo\/wp-content\/uploads\/2024\/11\/3-1-169x300.png 169w, https:\/\/fondeclum.com\/nuevo\/wp-content\/uploads\/2024\/11\/3-1-576x1024.png 576w, https:\/\/fondeclum.com\/nuevo\/wp-content\/uploads\/2024\/11\/3-1-768x1365.png 768w, https:\/\/fondeclum.com\/nuevo\/wp-content\/uploads\/2024\/11\/3-1-864x1536.png 864w\" sizes=\"(max-width: 900px) 100vw, 900px\" \/><\/p><p><img loading=\"lazy\" decoding=\"async\" class=\"wp-image-2161 size-full aligncenter\" src=\"https:\/\/fondeclum.com\/nuevo\/wp-content\/uploads\/2024\/11\/CINECOLOMBIA-USUARIOS.jpeg\" alt=\"\" width=\"900\" height=\"1600\" srcset=\"https:\/\/fondeclum.com\/nuevo\/wp-content\/uploads\/2024\/11\/CINECOLOMBIA-USUARIOS.jpeg 900w, https:\/\/fondeclum.com\/nuevo\/wp-content\/uploads\/2024\/11\/CINECOLOMBIA-USUARIOS-169x300.jpeg 169w, https:\/\/fondeclum.com\/nuevo\/wp-content\/uploads\/2024\/11\/CINECOLOMBIA-USUARIOS-576x1024.jpeg 576w, https:\/\/fondeclum.com\/nuevo\/wp-content\/uploads\/2024\/11\/CINECOLOMBIA-USUARIOS-768x1365.jpeg 768w, https:\/\/fondeclum.com\/nuevo\/wp-content\/uploads\/2024\/11\/CINECOLOMBIA-USUARIOS-864x1536.jpeg 864w\" sizes=\"(max-width: 900px) 100vw, 900px\" \/> <img loading=\"lazy\" decoding=\"async\" class=\"wp-image-2162 size-full aligncenter\" src=\"https:\/\/fondeclum.com\/nuevo\/wp-content\/uploads\/2024\/11\/HACIENDA-NAPOLES-USUARIAS.jpeg\" alt=\"\" width=\"900\" height=\"1600\" srcset=\"https:\/\/fondeclum.com\/nuevo\/wp-content\/uploads\/2024\/11\/HACIENDA-NAPOLES-USUARIAS.jpeg 900w, https:\/\/fondeclum.com\/nuevo\/wp-content\/uploads\/2024\/11\/HACIENDA-NAPOLES-USUARIAS-169x300.jpeg 169w, https:\/\/fondeclum.com\/nuevo\/wp-content\/uploads\/2024\/11\/HACIENDA-NAPOLES-USUARIAS-576x1024.jpeg 576w, https:\/\/fondeclum.com\/nuevo\/wp-content\/uploads\/2024\/11\/HACIENDA-NAPOLES-USUARIAS-768x1365.jpeg 768w, https:\/\/fondeclum.com\/nuevo\/wp-content\/uploads\/2024\/11\/HACIENDA-NAPOLES-USUARIAS-864x1536.jpeg 864w\" sizes=\"(max-width: 900px) 100vw, 900px\" \/> <img loading=\"lazy\" decoding=\"async\" class=\"wp-image-2163 size-full aligncenter\" src=\"https:\/\/fondeclum.com\/nuevo\/wp-content\/uploads\/2024\/11\/MUNDO-AVENTURA-USUARIOS.jpeg\" alt=\"\" width=\"900\" height=\"1600\" srcset=\"https:\/\/fondeclum.com\/nuevo\/wp-content\/uploads\/2024\/11\/MUNDO-AVENTURA-USUARIOS.jpeg 900w, https:\/\/fondeclum.com\/nuevo\/wp-content\/uploads\/2024\/11\/MUNDO-AVENTURA-USUARIOS-169x300.jpeg 169w, https:\/\/fondeclum.com\/nuevo\/wp-content\/uploads\/2024\/11\/MUNDO-AVENTURA-USUARIOS-576x1024.jpeg 576w, https:\/\/fondeclum.com\/nuevo\/wp-content\/uploads\/2024\/11\/MUNDO-AVENTURA-USUARIOS-768x1365.jpeg 768w, https:\/\/fondeclum.com\/nuevo\/wp-content\/uploads\/2024\/11\/MUNDO-AVENTURA-USUARIOS-864x1536.jpeg 864w\" sizes=\"(max-width: 900px) 100vw, 900px\" \/> <img loading=\"lazy\" decoding=\"async\" class=\"wp-image-2164 size-full aligncenter\" src=\"https:\/\/fondeclum.com\/nuevo\/wp-content\/uploads\/2024\/11\/SALITRE-USUARIOS.jpeg\" alt=\"\" width=\"900\" height=\"1600\" srcset=\"https:\/\/fondeclum.com\/nuevo\/wp-content\/uploads\/2024\/11\/SALITRE-USUARIOS.jpeg 900w, https:\/\/fondeclum.com\/nuevo\/wp-content\/uploads\/2024\/11\/SALITRE-USUARIOS-169x300.jpeg 169w, https:\/\/fondeclum.com\/nuevo\/wp-content\/uploads\/2024\/11\/SALITRE-USUARIOS-576x1024.jpeg 576w, https:\/\/fondeclum.com\/nuevo\/wp-content\/uploads\/2024\/11\/SALITRE-USUARIOS-768x1365.jpeg 768w, https:\/\/fondeclum.com\/nuevo\/wp-content\/uploads\/2024\/11\/SALITRE-USUARIOS-864x1536.jpeg 864w\" sizes=\"(max-width: 900px) 100vw, 900px\" \/>\u00a0<\/p>                    <\/div>\n\t\t        \n                    <div id=\"seguros-tab\" class=\"clearfix eael-tab-content-item inactive\" data-title-link=\"seguros-tab\">\n\t\t\t\t        <p><img loading=\"lazy\" decoding=\"async\" class=\"aligncenter wp-image-2453 size-full\" src=\"https:\/\/fondeclum.com\/nuevo\/wp-content\/uploads\/2024\/11\/9.png\" alt=\"\" width=\"900\" height=\"1600\" srcset=\"https:\/\/fondeclum.com\/nuevo\/wp-content\/uploads\/2024\/11\/9.png 900w, https:\/\/fondeclum.com\/nuevo\/wp-content\/uploads\/2024\/11\/9-169x300.png 169w, https:\/\/fondeclum.com\/nuevo\/wp-content\/uploads\/2024\/11\/9-576x1024.png 576w, https:\/\/fondeclum.com\/nuevo\/wp-content\/uploads\/2024\/11\/9-768x1365.png 768w, https:\/\/fondeclum.com\/nuevo\/wp-content\/uploads\/2024\/11\/9-864x1536.png 864w\" sizes=\"(max-width: 900px) 100vw, 900px\" \/><\/p><p><img loading=\"lazy\" decoding=\"async\" class=\"aligncenter wp-image-2421 size-full\" src=\"https:\/\/fondeclum.com\/nuevo\/wp-content\/uploads\/2024\/11\/1.png\" alt=\"\" width=\"900\" height=\"1600\" srcset=\"https:\/\/fondeclum.com\/nuevo\/wp-content\/uploads\/2024\/11\/1.png 900w, https:\/\/fondeclum.com\/nuevo\/wp-content\/uploads\/2024\/11\/1-169x300.png 169w, https:\/\/fondeclum.com\/nuevo\/wp-content\/uploads\/2024\/11\/1-576x1024.png 576w, https:\/\/fondeclum.com\/nuevo\/wp-content\/uploads\/2024\/11\/1-768x1365.png 768w, https:\/\/fondeclum.com\/nuevo\/wp-content\/uploads\/2024\/11\/1-864x1536.png 864w\" sizes=\"(max-width: 900px) 100vw, 900px\" \/><img loading=\"lazy\" decoding=\"async\" class=\"aligncenter wp-image-2422 size-full\" style=\"font-style: inherit; font-weight: inherit;\" src=\"https:\/\/fondeclum.com\/nuevo\/wp-content\/uploads\/2024\/11\/2-1.png\" alt=\"\" width=\"900\" height=\"1600\" srcset=\"https:\/\/fondeclum.com\/nuevo\/wp-content\/uploads\/2024\/11\/2-1.png 900w, https:\/\/fondeclum.com\/nuevo\/wp-content\/uploads\/2024\/11\/2-1-169x300.png 169w, https:\/\/fondeclum.com\/nuevo\/wp-content\/uploads\/2024\/11\/2-1-576x1024.png 576w, https:\/\/fondeclum.com\/nuevo\/wp-content\/uploads\/2024\/11\/2-1-768x1365.png 768w, https:\/\/fondeclum.com\/nuevo\/wp-content\/uploads\/2024\/11\/2-1-864x1536.png 864w\" sizes=\"(max-width: 900px) 100vw, 900px\" \/><span style=\"font-size: 16px;\">\u00a0<\/span><\/p>                    <\/div>\n\t\t        \n                    <div id=\"comercio-tab\" class=\"clearfix eael-tab-content-item inactive\" data-title-link=\"comercio-tab\">\n\t\t\t\t        <p><img loading=\"lazy\" decoding=\"async\" class=\"aligncenter wp-image-2427 size-full\" src=\"https:\/\/fondeclum.com\/nuevo\/wp-content\/uploads\/2024\/11\/4-1.png\" alt=\"\" width=\"900\" height=\"1600\" srcset=\"https:\/\/fondeclum.com\/nuevo\/wp-content\/uploads\/2024\/11\/4-1.png 900w, https:\/\/fondeclum.com\/nuevo\/wp-content\/uploads\/2024\/11\/4-1-169x300.png 169w, https:\/\/fondeclum.com\/nuevo\/wp-content\/uploads\/2024\/11\/4-1-576x1024.png 576w, https:\/\/fondeclum.com\/nuevo\/wp-content\/uploads\/2024\/11\/4-1-768x1365.png 768w, https:\/\/fondeclum.com\/nuevo\/wp-content\/uploads\/2024\/11\/4-1-864x1536.png 864w\" sizes=\"(max-width: 900px) 100vw, 900px\" \/><\/p>                    <\/div>\n\t\t        \n                    <div id=\"educacin-tab\" class=\"clearfix eael-tab-content-item inactive\" data-title-link=\"educacin-tab\">\n\t\t\t\t        <p><img loading=\"lazy\" decoding=\"async\" class=\"aligncenter wp-image-2454 size-full\" src=\"https:\/\/fondeclum.com\/nuevo\/wp-content\/uploads\/2024\/11\/5-1.png\" alt=\"\" width=\"900\" height=\"1600\" srcset=\"https:\/\/fondeclum.com\/nuevo\/wp-content\/uploads\/2024\/11\/5-1.png 900w, https:\/\/fondeclum.com\/nuevo\/wp-content\/uploads\/2024\/11\/5-1-169x300.png 169w, https:\/\/fondeclum.com\/nuevo\/wp-content\/uploads\/2024\/11\/5-1-576x1024.png 576w, https:\/\/fondeclum.com\/nuevo\/wp-content\/uploads\/2024\/11\/5-1-768x1365.png 768w, https:\/\/fondeclum.com\/nuevo\/wp-content\/uploads\/2024\/11\/5-1-864x1536.png 864w\" sizes=\"(max-width: 900px) 100vw, 900px\" \/><\/p>                    <\/div>\n\t\t                    <\/div>\n        <\/div>\n\t\t\t\t<\/div>\n\t\t\t\t<\/div>\n\t\t\t\t\t<\/div>\n\t\t<\/div>\n\t\t\t\t\t<\/div>\n\t\t<\/section>\n\t\t\t\t<\/div>\n\t\t","protected":false},"excerpt":{"rendered":"<p>Salud y Belleza Recreaci\u00f3n Seguros Comercio Educaci\u00f3n Para atender las necesidades de tratamientos de salud y belleza, FONDECLUM ha creado la l\u00ednea de cr\u00e9dito denominada \u201cBIENESTAR\u201d y ha establecido una tarifa del 0,85% para aquellos asociados interesados, siempre y cuando el afiliado solicitante cumpla con los criterios definidos en el reglamento de cr\u00e9dito. \u00a0 \u00a0<\/p>\n","protected":false},"author":1,"featured_media":0,"parent":0,"menu_order":0,"comment_status":"closed","ping_status":"closed","template":"","meta":{"footnotes":""},"class_list":["post-701","page","type-page","status-publish","hentry"],"_links":{"self":[{"href":"https:\/\/fondeclum.com\/nuevo\/wp-json\/wp\/v2\/pages\/701","targetHints":{"allow":["GET"]}}],"collection":[{"href":"https:\/\/fondeclum.com\/nuevo\/wp-json\/wp\/v2\/pages"}],"about":[{"href":"https:\/\/fondeclum.com\/nuevo\/wp-json\/wp\/v2\/types\/page"}],"author":[{"embeddable":true,"href":"https:\/\/fondeclum.com\/nuevo\/wp-json\/wp\/v2\/users\/1"}],"replies":[{"embeddable":true,"href":"https:\/\/fondeclum.com\/nuevo\/wp-json\/wp\/v2\/comments?post=701"}],"version-history":[{"count":58,"href":"https:\/\/fondeclum.com\/nuevo\/wp-json\/wp\/v2\/pages\/701\/revisions"}],"predecessor-version":[{"id":2657,"href":"https:\/\/fondeclum.com\/nuevo\/wp-json\/wp\/v2\/pages\/701\/revisions\/2657"}],"wp:attachment":[{"href":"https:\/\/fondeclum.com\/nuevo\/wp-json\/wp\/v2\/media?parent=701"}],"curies":[{"name":"wp","href":"https:\/\/api.w.org\/{rel}","templated":true}]}}